{"id":96,"date":"2023-09-22T19:48:00","date_gmt":"2023-09-22T19:48:00","guid":{"rendered":"https:\/\/salonypartnerskie.pl\/?page_id=96"},"modified":"2024-01-18T23:29:11","modified_gmt":"2024-01-18T23:29:11","slug":"pharmfoot","status":"publish","type":"page","link":"https:\/\/salonypartnerskie.pl\/?page_id=96","title":{"rendered":"PharmFoot"},"content":{"rendered":"\t\t<div data-elementor-type=\"wp-page\" data-elementor-id=\"96\" class=\"elementor elementor-96\">\n\t\t\t\t<div class=\"elementor-element elementor-element-7683efc e-flex e-con-boxed e-con e-parent\" data-id=\"7683efc\" data-element_type=\"container\">\n\t\t\t\t\t<div class=\"e-con-inner\">\n\t\t\t\t<div class=\"elementor-element elementor-element-6cd3663 elementor-widget elementor-widget-image\" data-id=\"6cd3663\" data-element_type=\"widget\" data-widget_type=\"image.default\">\n\t\t\t\t<div class=\"elementor-widget-container\">\n\t\t\t\t\t\t\t\t\t\t\t\t\t<img decoding=\"async\" src=\"https:\/\/salonypartnerskie.pl\/wp-content\/uploads\/elementor\/thumbs\/Logo_PF_MW_Stopa_3D-200-qe8uft7mx6mkary5o6h5nvmsgdm58id6tjuaqvyhng.jpg\" title=\"Logo_PF_MW_Stopa_3D-200\" alt=\"\" loading=\"lazy\" \/>\t\t\t\t\t\t\t\t\t\t\t\t\t<\/div>\n\t\t\t\t<\/div>\n\t\t\t\t\t<\/div>\n\t\t\t\t<\/div>\n\t\t<div class=\"elementor-element elementor-element-3011377 e-flex e-con-boxed e-con e-parent\" data-id=\"3011377\" data-element_type=\"container\">\n\t\t\t\t\t<div class=\"e-con-inner\">\n\t\t\t\t<div class=\"elementor-element elementor-element-fe3d055 elementor-hidden-tablet elementor-hidden-mobile elementor-widget elementor-widget-image\" data-id=\"fe3d055\" data-element_type=\"widget\" data-widget_type=\"image.default\">\n\t\t\t\t<div class=\"elementor-widget-container\">\n\t\t\t\t\t\t\t\t\t\t\t\t\t<img fetchpriority=\"high\" decoding=\"async\" width=\"800\" height=\"412\" src=\"https:\/\/salonypartnerskie.pl\/wp-content\/uploads\/2023\/10\/VYNN_PF_program_lojal_2100x1080_1-1024x527.jpg\" class=\"attachment-large size-large wp-image-126\" alt=\"\" srcset=\"https:\/\/salonypartnerskie.pl\/wp-content\/uploads\/2023\/10\/VYNN_PF_program_lojal_2100x1080_1-1024x527.jpg 1024w, https:\/\/salonypartnerskie.pl\/wp-content\/uploads\/2023\/10\/VYNN_PF_program_lojal_2100x1080_1-300x154.jpg 300w, https:\/\/salonypartnerskie.pl\/wp-content\/uploads\/2023\/10\/VYNN_PF_program_lojal_2100x1080_1-768x395.jpg 768w, https:\/\/salonypartnerskie.pl\/wp-content\/uploads\/2023\/10\/VYNN_PF_program_lojal_2100x1080_1-1536x790.jpg 1536w, https:\/\/salonypartnerskie.pl\/wp-content\/uploads\/2023\/10\/VYNN_PF_program_lojal_2100x1080_1-2048x1053.jpg 2048w, https:\/\/salonypartnerskie.pl\/wp-content\/uploads\/2023\/10\/VYNN_PF_program_lojal_2100x1080_1-1140x586.jpg 1140w, https:\/\/salonypartnerskie.pl\/wp-content\/uploads\/2023\/10\/VYNN_PF_program_lojal_2100x1080_1-920x473.jpg 920w, https:\/\/salonypartnerskie.pl\/wp-content\/uploads\/2023\/10\/VYNN_PF_program_lojal_2100x1080_1-575x296.jpg 575w, https:\/\/salonypartnerskie.pl\/wp-content\/uploads\/2023\/10\/VYNN_PF_program_lojal_2100x1080_1-380x195.jpg 380w\" sizes=\"(max-width: 800px) 100vw, 800px\" \/>\t\t\t\t\t\t\t\t\t\t\t\t\t<\/div>\n\t\t\t\t<\/div>\n\t\t\t\t\t<\/div>\n\t\t\t\t<\/div>\n\t\t<div class=\"elementor-element elementor-element-584b41f e-flex e-con-boxed e-con e-parent\" data-id=\"584b41f\" data-element_type=\"container\">\n\t\t\t\t\t<div class=\"e-con-inner\">\n\t\t\t\t<div class=\"elementor-element elementor-element-79c5b0a elementor-hidden-desktop elementor-widget elementor-widget-image\" data-id=\"79c5b0a\" data-element_type=\"widget\" data-widget_type=\"image.default\">\n\t\t\t\t<div class=\"elementor-widget-container\">\n\t\t\t\t\t\t\t\t\t\t\t\t\t<img decoding=\"async\" width=\"527\" height=\"1024\" src=\"https:\/\/salonypartnerskie.pl\/wp-content\/uploads\/2023\/10\/VYNN_PF_program_lojal_1080x2100_1-527x1024.jpg\" class=\"attachment-large size-large wp-image-130\" alt=\"\" srcset=\"https:\/\/salonypartnerskie.pl\/wp-content\/uploads\/2023\/10\/VYNN_PF_program_lojal_1080x2100_1-527x1024.jpg 527w, https:\/\/salonypartnerskie.pl\/wp-content\/uploads\/2023\/10\/VYNN_PF_program_lojal_1080x2100_1-154x300.jpg 154w, https:\/\/salonypartnerskie.pl\/wp-content\/uploads\/2023\/10\/VYNN_PF_program_lojal_1080x2100_1-768x1493.jpg 768w, https:\/\/salonypartnerskie.pl\/wp-content\/uploads\/2023\/10\/VYNN_PF_program_lojal_1080x2100_1-790x1536.jpg 790w, https:\/\/salonypartnerskie.pl\/wp-content\/uploads\/2023\/10\/VYNN_PF_program_lojal_1080x2100_1-1053x2048.jpg 1053w, https:\/\/salonypartnerskie.pl\/wp-content\/uploads\/2023\/10\/VYNN_PF_program_lojal_1080x2100_1-920x1789.jpg 920w, https:\/\/salonypartnerskie.pl\/wp-content\/uploads\/2023\/10\/VYNN_PF_program_lojal_1080x2100_1-575x1118.jpg 575w, https:\/\/salonypartnerskie.pl\/wp-content\/uploads\/2023\/10\/VYNN_PF_program_lojal_1080x2100_1-380x739.jpg 380w, https:\/\/salonypartnerskie.pl\/wp-content\/uploads\/2023\/10\/VYNN_PF_program_lojal_1080x2100_1.jpg 1080w\" sizes=\"(max-width: 527px) 100vw, 527px\" \/>\t\t\t\t\t\t\t\t\t\t\t\t\t<\/div>\n\t\t\t\t<\/div>\n\t\t\t\t\t<\/div>\n\t\t\t\t<\/div>\n\t\t<div class=\"elementor-element elementor-element-8ebdefd e-flex e-con-boxed e-con e-parent\" data-id=\"8ebdefd\" data-element_type=\"container\">\n\t\t\t\t\t<div class=\"e-con-inner\">\n\t\t\t\t<div class=\"elementor-element elementor-element-5024440 elementor-hidden-tablet elementor-hidden-mobile elementor-widget elementor-widget-image\" data-id=\"5024440\" data-element_type=\"widget\" data-widget_type=\"image.default\">\n\t\t\t\t<div class=\"elementor-widget-container\">\n\t\t\t\t\t\t\t\t\t\t\t\t\t<img decoding=\"async\" width=\"800\" height=\"412\" src=\"https:\/\/salonypartnerskie.pl\/wp-content\/uploads\/2023\/10\/VYNN_PF_program_lojal_2100x1080_2-1024x527.jpg\" class=\"attachment-large size-large wp-image-125\" alt=\"\" srcset=\"https:\/\/salonypartnerskie.pl\/wp-content\/uploads\/2023\/10\/VYNN_PF_program_lojal_2100x1080_2-1024x527.jpg 1024w, https:\/\/salonypartnerskie.pl\/wp-content\/uploads\/2023\/10\/VYNN_PF_program_lojal_2100x1080_2-300x154.jpg 300w, https:\/\/salonypartnerskie.pl\/wp-content\/uploads\/2023\/10\/VYNN_PF_program_lojal_2100x1080_2-768x395.jpg 768w, https:\/\/salonypartnerskie.pl\/wp-content\/uploads\/2023\/10\/VYNN_PF_program_lojal_2100x1080_2-1536x790.jpg 1536w, https:\/\/salonypartnerskie.pl\/wp-content\/uploads\/2023\/10\/VYNN_PF_program_lojal_2100x1080_2-2048x1053.jpg 2048w, https:\/\/salonypartnerskie.pl\/wp-content\/uploads\/2023\/10\/VYNN_PF_program_lojal_2100x1080_2-1140x586.jpg 1140w, https:\/\/salonypartnerskie.pl\/wp-content\/uploads\/2023\/10\/VYNN_PF_program_lojal_2100x1080_2-920x473.jpg 920w, https:\/\/salonypartnerskie.pl\/wp-content\/uploads\/2023\/10\/VYNN_PF_program_lojal_2100x1080_2-575x296.jpg 575w, https:\/\/salonypartnerskie.pl\/wp-content\/uploads\/2023\/10\/VYNN_PF_program_lojal_2100x1080_2-380x195.jpg 380w\" sizes=\"(max-width: 800px) 100vw, 800px\" \/>\t\t\t\t\t\t\t\t\t\t\t\t\t<\/div>\n\t\t\t\t<\/div>\n\t\t\t\t\t<\/div>\n\t\t\t\t<\/div>\n\t\t<div class=\"elementor-element elementor-element-d8a39bb e-flex e-con-boxed e-con e-parent\" data-id=\"d8a39bb\" data-element_type=\"container\">\n\t\t\t\t\t<div class=\"e-con-inner\">\n\t\t\t\t<div class=\"elementor-element elementor-element-dfce146 elementor-hidden-desktop elementor-widget elementor-widget-image\" data-id=\"dfce146\" data-element_type=\"widget\" data-widget_type=\"image.default\">\n\t\t\t\t<div class=\"elementor-widget-container\">\n\t\t\t\t\t\t\t\t\t\t\t\t\t<img loading=\"lazy\" decoding=\"async\" width=\"527\" height=\"1024\" src=\"https:\/\/salonypartnerskie.pl\/wp-content\/uploads\/2023\/10\/VYNN_PF_program_lojal_1080x2100_2-527x1024.jpg\" class=\"attachment-large size-large wp-image-131\" alt=\"\" srcset=\"https:\/\/salonypartnerskie.pl\/wp-content\/uploads\/2023\/10\/VYNN_PF_program_lojal_1080x2100_2-527x1024.jpg 527w, https:\/\/salonypartnerskie.pl\/wp-content\/uploads\/2023\/10\/VYNN_PF_program_lojal_1080x2100_2-154x300.jpg 154w, https:\/\/salonypartnerskie.pl\/wp-content\/uploads\/2023\/10\/VYNN_PF_program_lojal_1080x2100_2-768x1493.jpg 768w, https:\/\/salonypartnerskie.pl\/wp-content\/uploads\/2023\/10\/VYNN_PF_program_lojal_1080x2100_2-790x1536.jpg 790w, https:\/\/salonypartnerskie.pl\/wp-content\/uploads\/2023\/10\/VYNN_PF_program_lojal_1080x2100_2-1053x2048.jpg 1053w, https:\/\/salonypartnerskie.pl\/wp-content\/uploads\/2023\/10\/VYNN_PF_program_lojal_1080x2100_2-920x1789.jpg 920w, https:\/\/salonypartnerskie.pl\/wp-content\/uploads\/2023\/10\/VYNN_PF_program_lojal_1080x2100_2-575x1118.jpg 575w, https:\/\/salonypartnerskie.pl\/wp-content\/uploads\/2023\/10\/VYNN_PF_program_lojal_1080x2100_2-380x739.jpg 380w, https:\/\/salonypartnerskie.pl\/wp-content\/uploads\/2023\/10\/VYNN_PF_program_lojal_1080x2100_2.jpg 1080w\" sizes=\"(max-width: 527px) 100vw, 527px\" \/>\t\t\t\t\t\t\t\t\t\t\t\t\t<\/div>\n\t\t\t\t<\/div>\n\t\t\t\t\t<\/div>\n\t\t\t\t<\/div>\n\t\t<div class=\"elementor-element elementor-element-31d6fb6 e-flex e-con-boxed e-con e-parent\" data-id=\"31d6fb6\" data-element_type=\"container\">\n\t\t\t\t\t<div class=\"e-con-inner\">\n\t\t\t\t<div class=\"elementor-element elementor-element-31b5b5f elementor-widget__width-inherit elementor-widget elementor-widget-formidable\" data-id=\"31b5b5f\" data-element_type=\"widget\" data-widget_type=\"formidable.default\">\n\t\t\t\t<div class=\"elementor-widget-container\">\n\t\t\t<div class=\"frm_forms  with_frm_style frm_style_divi\" id=\"frm_form_3_container\" data-token=\"c802067be41db1295c875ba8685a8c76\">\n<form enctype=\"multipart\/form-data\" method=\"post\" class=\"frm-show-form  frm_pro_form \" id=\"form_pharmfoot\" data-token=\"c802067be41db1295c875ba8685a8c76\">\n<div class=\"frm_form_fields \">\n<fieldset>\n<legend class=\"frm_screen_reader\">Salony PharmFoot<\/legend>\r\n\r\n<div class=\"frm_fields_container\">\n<input type=\"hidden\" name=\"frm_action\" value=\"create\" \/>\n<input type=\"hidden\" name=\"form_id\" value=\"3\" \/>\n<input type=\"hidden\" name=\"frm_hide_fields_3\" id=\"frm_hide_fields_3\" value=\"\" \/>\n<input type=\"hidden\" name=\"form_key\" value=\"pharmfoot\" \/>\n<input type=\"hidden\" name=\"item_meta[0]\" value=\"\" \/>\n<input type=\"hidden\" id=\"frm_submit_entry_3\" name=\"frm_submit_entry_3\" value=\"07155ff08a\" \/><input type=\"hidden\" name=\"_wp_http_referer\" value=\"\/index.php?rest_route=%2Fwp%2Fv2%2Fpages%2F96\" \/><div id=\"frm_field_40_container\" class=\"frm_form_field  frm_html_container form-field\">\n<h3 style=\"text-align: center;\">Wype\u0142nij formularz, a my skontaktujemy si\u0119 z Tob\u0105! Zr\u00f3b pierwszy krok, dzi\u0119ki kt\u00f3remu Tw\u00f3j salon wyr\u00f3\u017cni si\u0119 na tle konkurencji:<\/h3>\n<\/div>\n<div id=\"frm_field_41_container\" class=\"frm_form_field form-field  frm_inside_container frm_fourth\">\r\n    <label for=\"field_1lau\" id=\"field_1lau_label\" class=\"frm_primary_label\">Wybierz\r\n        <span class=\"frm_required\" aria-hidden=\"true\"><\/span>\r\n    <\/label>\r\n    \t\t<select name=\"item_meta[41]\" id=\"field_1lau\"  data-invmsg=\"Wybierz is invalid\" aria-invalid=\"false\"  >\n\t\t<option  value=\"Pan\">Pan<\/option><option  value=\"Pani\">Pani<\/option><option  value=\"Inne\">Inne<\/option>\t<\/select>\n\t\r\n    \r\n    \r\n<\/div>\n<div id=\"frm_field_42_container\" class=\"frm_form_field form-field  frm_required_field frm_inside_container frm_third frm_fourth\">\r\n    <label for=\"field_syxd42\" id=\"field_syxd42_label\" class=\"frm_primary_label\">Imi\u0119 \r\n        <span class=\"frm_required\" aria-hidden=\"true\">*<\/span>\r\n    <\/label>\r\n    <input type=\"text\" id=\"field_syxd42\" name=\"item_meta[42]\" value=\"\"  data-reqmsg=\"Imi\u0119  cannot be blank.\" aria-required=\"true\" data-invmsg=\"Tekst is invalid\" aria-invalid=\"false\"  \/>\r\n    \r\n    \r\n<\/div>\n<div id=\"frm_field_43_container\" class=\"frm_form_field form-field  frm_required_field frm_inside_container frm_half\">\r\n    <label for=\"field_hebom2\" id=\"field_hebom2_label\" class=\"frm_primary_label\">Nazwisko\r\n        <span class=\"frm_required\" aria-hidden=\"true\">*<\/span>\r\n    <\/label>\r\n    <input type=\"text\" id=\"field_hebom2\" name=\"item_meta[43]\" value=\"\"  data-reqmsg=\"Nazwisko cannot be blank.\" aria-required=\"true\" data-invmsg=\"Tekst is invalid\" aria-invalid=\"false\"  \/>\r\n    \r\n    \r\n<\/div>\n<div id=\"frm_field_44_container\" class=\"frm_form_field form-field  frm_required_field frm_inside_container frm12 frm_first frm_half\">\r\n    <label for=\"field_hxc642\" id=\"field_hxc642_label\" class=\"frm_primary_label\">Email\r\n        <span class=\"frm_required\" aria-hidden=\"true\">*<\/span>\r\n    <\/label>\r\n    <input type=\"email\" id=\"field_hxc642\" name=\"item_meta[44]\" value=\"\"  data-reqmsg=\"Email cannot be blank.\" aria-required=\"true\" data-invmsg=\"Email is invalid\" aria-invalid=\"false\"  \/>\r\n    \r\n    \r\n<\/div>\n<div id=\"frm_field_45_container\" class=\"frm_form_field form-field  frm_required_field frm_inside_container frm_half\">\r\n    <label for=\"field_93wow2\" id=\"field_93wow2_label\" class=\"frm_primary_label\">Telefon\r\n        <span class=\"frm_required\" aria-hidden=\"true\">*<\/span>\r\n    <\/label>\r\n    <input type=\"tel\" id=\"field_93wow2\" name=\"item_meta[45]\" value=\"\"  placeholder=\"+48 xxx xxx xxx\" data-reqmsg=\"Telefon cannot be blank.\" aria-required=\"true\" data-invmsg=\"Phone is invalid\" aria-invalid=\"false\" pattern=\"((\\+\\d{1,3}(-|.| )?\\(?\\d\\)?(-| |.)?\\d{1,5})|(\\(?\\d{2,6}\\)?))(-|.| )?(\\d{3,4})(-|.| )?(\\d{4})(( x| ext)\\d{1,5}){0,1}$\"  \/>\r\n    \r\n    \r\n<\/div>\n<div id=\"frm_field_46_container\" class=\"frm_form_field form-field  frm_inside_container frm_fourth\">\r\n    <label for=\"field_ornw02\" id=\"field_ornw02_label\" class=\"frm_primary_label\">NIP\r\n        <span class=\"frm_required\" aria-hidden=\"true\"><\/span>\r\n    <\/label>\r\n    <input type=\"text\" id=\"field_ornw02\" name=\"item_meta[46]\" value=\"\"  data-invmsg=\"Tekst is invalid\" aria-invalid=\"false\"  \/>\r\n    \r\n    \r\n<\/div>\n<div id=\"frm_field_47_container\" class=\"frm_form_field form-field  frm_required_field frm_inside_container frm_three_fourths frm_two_thirds\">\r\n    <label for=\"field_holbu2\" id=\"field_holbu2_label\" class=\"frm_primary_label\">NAZWA SALONU \/ PROWADZONEJ DZIA\u0141ALNO\u015aCI GOSPODARCZEJ\r\n        <span class=\"frm_required\" aria-hidden=\"true\">*<\/span>\r\n    <\/label>\r\n    <input type=\"text\" id=\"field_holbu2\" name=\"item_meta[47]\" value=\"\"  data-reqmsg=\"NAZWA SALONU \/ PROWADZONEJ DZIA\u0141ALNO\u015aCI GOSPODARCZEJ cannot be blank.\" aria-required=\"true\" data-invmsg=\"Tekst is invalid\" aria-invalid=\"false\"  \/>\r\n    \r\n    \r\n<\/div>\n<div id=\"frm_field_48_container\" class=\"frm_form_field  frm_html_container form-field\">\n<h4 style=\"text-align: center;\">MIEJSCE \u015aWIADCZENIA US\u0141UG<\/h4>\n<\/div>\n<div id=\"frm_field_49_container\" class=\"frm_form_field  frm_html_container form-field\"><\/div>\n<div id=\"frm_field_50_container\" class=\"frm_form_field form-field  frm_inside_container\">\r\n    <label for=\"field_eou8l2\" id=\"field_eou8l2_label\" class=\"frm_primary_label\">NAZWA SALONU\r\n        <span class=\"frm_required\" aria-hidden=\"true\"><\/span>\r\n    <\/label>\r\n    <input type=\"text\" id=\"field_eou8l2\" name=\"item_meta[50]\" value=\"\"  data-invmsg=\"Tekst is invalid\" aria-invalid=\"false\"  \/>\r\n    \r\n    \r\n<\/div>\n<div id=\"frm_field_51_container\" class=\"frm_form_field form-field  frm_inside_container frm_half\">\r\n    <label for=\"field_kceyt2\" id=\"field_kceyt2_label\" class=\"frm_primary_label\">Ulica\r\n        <span class=\"frm_required\" aria-hidden=\"true\"><\/span>\r\n    <\/label>\r\n    <input type=\"text\" id=\"field_kceyt2\" name=\"item_meta[51]\" value=\"\"  data-invmsg=\"Tekst is invalid\" aria-invalid=\"false\"  \/>\r\n    \r\n    \r\n<\/div>\n<div id=\"frm_field_52_container\" class=\"frm_form_field form-field  frm_inside_container frm6 frm4 frm_fourth\">\r\n    <label for=\"field_bs2pg2\" id=\"field_bs2pg2_label\" class=\"frm_primary_label\">Numer\r\n        <span class=\"frm_required\" aria-hidden=\"true\"><\/span>\r\n    <\/label>\r\n    <input type=\"number\" id=\"field_bs2pg2\" name=\"item_meta[52]\" value=\"\"  data-invmsg=\"Numer is invalid\" aria-invalid=\"false\"   min=\"0\" max=\"9999999\" step=\"any\"\/>\r\n    \r\n    \r\n<\/div>\n<div id=\"frm_field_53_container\" class=\"frm_form_field form-field  frm_inside_container frm4 frm_fourth\">\r\n    <label for=\"field_hhvfz2\" id=\"field_hhvfz2_label\" class=\"frm_primary_label\">Lokal\r\n        <span class=\"frm_required\" aria-hidden=\"true\"><\/span>\r\n    <\/label>\r\n    <input type=\"number\" id=\"field_hhvfz2\" name=\"item_meta[53]\" value=\"\"  data-invmsg=\"Numer is invalid\" aria-invalid=\"false\"   min=\"0\" max=\"9999999\" step=\"any\"\/>\r\n    \r\n    \r\n<\/div>\n<div id=\"frm_field_54_container\" class=\"frm_form_field form-field  frm_inside_container frm6 frm_first\">\r\n    <label for=\"field_ho82s2\" id=\"field_ho82s2_label\" class=\"frm_primary_label\">Miasto\r\n        <span class=\"frm_required\" aria-hidden=\"true\"><\/span>\r\n    <\/label>\r\n    <input type=\"text\" id=\"field_ho82s2\" name=\"item_meta[54]\" value=\"\"  data-invmsg=\"Tekst is invalid\" aria-invalid=\"false\"  \/>\r\n    \r\n    \r\n<\/div>\n<div id=\"frm_field_55_container\" class=\"frm_form_field form-field  frm_inside_container frm_half\">\r\n    <label for=\"field_s2zlg2\" id=\"field_s2zlg2_label\" class=\"frm_primary_label\">Wojew\u00f3dztwo\r\n        <span class=\"frm_required\" aria-hidden=\"true\"><\/span>\r\n    <\/label>\r\n    \t\t<select name=\"item_meta[55]\" id=\"field_s2zlg2\"  data-invmsg=\"Wojew\u00f3dztwo is invalid\" aria-invalid=\"false\"  >\n\t\t<option  value=\"wojew\u00f3dztwo dolno\u015bl\u0105skie\">wojew\u00f3dztwo dolno\u015bl\u0105skie<\/option><option  value=\"wojew\u00f3dztwo kujawsko-pomorskie\">wojew\u00f3dztwo kujawsko-pomorskie<\/option><option  value=\"wojew\u00f3dztwo lubelskie\">wojew\u00f3dztwo lubelskie<\/option><option  value=\"wojew\u00f3dztwo lubuskie\">wojew\u00f3dztwo lubuskie<\/option><option  value=\"wojew\u00f3dztwo \u0142\u00f3dzkie\">wojew\u00f3dztwo \u0142\u00f3dzkie<\/option><option  value=\"wojew\u00f3dztwo ma\u0142opolskie\">wojew\u00f3dztwo ma\u0142opolskie<\/option><option  value=\"wojew\u00f3dztwo mazowieckie\">wojew\u00f3dztwo mazowieckie<\/option><option  value=\"wojew\u00f3dztwo opolskie\">wojew\u00f3dztwo opolskie<\/option><option  value=\"wojew\u00f3dztwo podkarpackie\">wojew\u00f3dztwo podkarpackie<\/option><option  value=\"wojew\u00f3dztwo podlaskie\">wojew\u00f3dztwo podlaskie<\/option><option  value=\"wojew\u00f3dztwo pomorskie\">wojew\u00f3dztwo pomorskie<\/option><option  value=\"wojew\u00f3dztwo \u015bl\u0105skie\">wojew\u00f3dztwo \u015bl\u0105skie<\/option><option  value=\"wojew\u00f3dztwo \u015bwi\u0119tokrzyskie\">wojew\u00f3dztwo \u015bwi\u0119tokrzyskie<\/option><option  value=\"wojew\u00f3dztwo warmi\u0144sko-mazurskie\">wojew\u00f3dztwo warmi\u0144sko-mazurskie<\/option><option  value=\"wojew\u00f3dztwo wielkopolskie\">wojew\u00f3dztwo wielkopolskie<\/option><option  value=\"wojew\u00f3dztwo zachodniopomorskie\">wojew\u00f3dztwo zachodniopomorskie<\/option>\t<\/select>\n\t\r\n    \r\n    \r\n<\/div>\n<div id=\"frm_field_63_container\" class=\"frm_form_field form-field  frm_inside_container frm12 frm_first\">\r\n    <label for=\"field_y2yco\" id=\"field_y2yco_label\" class=\"frm_primary_label\">Uwagi\r\n        <span class=\"frm_required\" aria-hidden=\"true\"><\/span>\r\n    <\/label>\r\n    <input type=\"text\" id=\"field_y2yco\" name=\"item_meta[63]\" value=\"\"  data-invmsg=\"Tekst is invalid\" aria-invalid=\"false\"  \/>\r\n    \r\n    \r\n<\/div>\n<div id=\"frm_field_59_container\" class=\"frm_form_field  frm_html_container form-field\">\n<hr \/>\n<p>\u00a0<\/p>\n<\/div>\n<div id=\"frm_field_60_container\" class=\"frm_form_field form-field  frm_required_field frm_top_container vertical_radio\">\r\n    <div  id=\"field_vy3fq2_label\" class=\"frm_primary_label\">Polityka prywatnosci\r\n        <span class=\"frm_required\" aria-hidden=\"true\">*<\/span>\r\n    <\/div>\r\n    <div class=\"frm_opt_container\" aria-labelledby=\"field_vy3fq2_label\" role=\"radiogroup\" aria-required=\"true\">\t\t<div class=\"frm_radio\" id=\"frm_radio_60-0\">\t\t\t<label  for=\"field_vy3fq2-0\">\n\t\t\t\t\t<input type=\"radio\" name=\"item_meta[60]\" id=\"field_vy3fq2-0\" value=\"O\u015bwiadczam, \u017ce zapozna\u0142am\/zapozna\u0142em si\u0119 z tre\u015bci\u0105 &lt;a href=&quot;https:\/\/salonypartnerskie.pl\/?page_id=169&quot; target=&quot;_blank&quot; rel=&quot;noopener&quot;&gt;POLITYKI PRYWATNO\u015aCI&lt;\/a&gt; i akceptuj\u0119 jej postanowienia. Wyra\u017cam tak\u017ce zgod\u0119 na kontakt za po\u015brednictwem kana\u0142\u00f3w komunikacji wskazanych w formularzu.\"\n\t\t   data-reqmsg=\"Polityka prywatnosci cannot be blank.\" data-invmsg=\"Polityka prywatnosci is invalid\" aria-invalid=\"false\"  \/> O\u015bwiadczam, \u017ce zapozna\u0142am\/zapozna\u0142em si\u0119 z tre\u015bci\u0105 <a href=\"https:\/\/salonypartnerskie.pl\/?page_id=169\" target=\"_blank\" rel=\"noopener\">POLITYKI PRYWATNO\u015aCI<\/a> i akceptuj\u0119 jej postanowienia. Wyra\u017cam tak\u017ce zgod\u0119 na kontakt za po\u015brednictwem kana\u0142\u00f3w komunikacji wskazanych w formularzu.<\/label><\/div>\n<\/div>\r\n    \r\n    \r\n<\/div>\n<div id=\"frm_field_61_container\" class=\"frm_form_field form-field  frm_top_container vertical_radio\">\r\n    <div  id=\"field_cbg2v2_label\" class=\"frm_primary_label\">Zgoda na dane marketingowe\r\n        <span class=\"frm_required\" aria-hidden=\"true\"><\/span>\r\n    <\/div>\r\n    <div class=\"frm_opt_container\" aria-labelledby=\"field_cbg2v2_label\" role=\"radiogroup\">\t\t<div class=\"frm_radio\" id=\"frm_radio_61-0\">\t\t\t<label  for=\"field_cbg2v2-0\">\n\t\t\t\t\t<input type=\"radio\" name=\"item_meta[61]\" id=\"field_cbg2v2-0\" value=\"Wyra\u017cam zgod\u0119 na wykorzystanie moich danych osobowych przez VYNN GROUP sp. z o.o. dla cel\u00f3w marketingowych i handlowych, w szczeg\u00f3lno\u015bci na otrzymywanie od VYNN GROUP sp. z o.o. na wskazany przeze mnie adres e-mail, informacji dotycz\u0105cych produkt\u00f3w i us\u0142ug VYNN GROUP sp. z o.o., w tym na otrzymywanie Newslettera.\"\n\t\t   data-invmsg=\"Zgoda na dane marketingowe is invalid\" aria-invalid=\"false\"  \/> Wyra\u017cam zgod\u0119 na wykorzystanie moich danych osobowych przez VYNN GROUP sp. z o.o. dla cel\u00f3w marketingowych i handlowych, w szczeg\u00f3lno\u015bci na otrzymywanie od VYNN GROUP sp. z o.o. na wskazany przeze mnie adres e-mail, informacji dotycz\u0105cych produkt\u00f3w i us\u0142ug VYNN GROUP sp. z o.o., w tym na otrzymywanie Newslettera.<\/label><\/div>\n<\/div>\r\n    \r\n    \r\n<\/div>\n\t<input type=\"hidden\" name=\"item_key\" value=\"\" \/>\n\t\t\t\t<div class=\"frm__65a9adf7d07a3\">\n\t\t\t\t<label for=\"frm_email_3\" >\n\t\t\t\t\tIf you are human, leave this field blank.\t\t\t\t<\/label>\n\t\t\t\t<input  id=\"frm_email_3\" type=\"text\" class=\"frm_verify\" name=\"frm__65a9adf7d07a3\" value=\"\" autocomplete=\"off\"  \/>\n\t\t\t<\/div>\n\t\t<input name=\"frm_state\" type=\"hidden\" value=\"tJ1WW+Hn9HD6D5X67nSnmxdfrdWcHoU\/Zj7x8TK6Oqk=\" \/><div class=\"frm_submit\">\r\n\r\n<button class=\"frm_button_submit frm_final_submit\" type=\"submit\"   formnovalidate=\"formnovalidate\">Wy\u015blij<\/button>\r\n\r\n\r\n<\/div><\/div>\n<\/fieldset>\n<\/div>\n<\/form>\n<\/div>\n\t\t<\/div>\n\t\t\t\t<\/div>\n\t\t\t\t\t<\/div>\n\t\t\t\t<\/div>\n\t\t\t\t<\/div>\n\t\t","protected":false},"excerpt":{"rendered":"<p>Salony PharmFoot Wype\u0142nij formularz, a my skontaktujemy si\u0119 z Tob\u0105! Zr\u00f3b pierwszy krok, dzi\u0119ki kt\u00f3remu Tw\u00f3j salon wyr\u00f3\u017cni si\u0119 na tle konkurencji: Wybierz PanPaniInne Imi\u0119 * Nazwisko * Email * [&hellip;]<\/p>\n","protected":false},"author":1,"featured_media":0,"parent":0,"menu_order":0,"comment_status":"closed","ping_status":"closed","template":"","meta":{"footnotes":""},"class_list":["post-96","page","type-page","status-publish","hentry"],"aioseo_notices":[],"_links":{"self":[{"href":"https:\/\/salonypartnerskie.pl\/index.php?rest_route=\/wp\/v2\/pages\/96"}],"collection":[{"href":"https:\/\/salonypartnerskie.pl\/index.php?rest_route=\/wp\/v2\/pages"}],"about":[{"href":"https:\/\/salonypartnerskie.pl\/index.php?rest_route=\/wp\/v2\/types\/page"}],"author":[{"embeddable":true,"href":"https:\/\/salonypartnerskie.pl\/index.php?rest_route=\/wp\/v2\/users\/1"}],"replies":[{"embeddable":true,"href":"https:\/\/salonypartnerskie.pl\/index.php?rest_route=%2Fwp%2Fv2%2Fcomments&post=96"}],"version-history":[{"count":62,"href":"https:\/\/salonypartnerskie.pl\/index.php?rest_route=\/wp\/v2\/pages\/96\/revisions"}],"predecessor-version":[{"id":318,"href":"https:\/\/salonypartnerskie.pl\/index.php?rest_route=\/wp\/v2\/pages\/96\/revisions\/318"}],"wp:attachment":[{"href":"https:\/\/salonypartnerskie.pl\/index.php?rest_route=%2Fwp%2Fv2%2Fmedia&parent=96"}],"curies":[{"name":"wp","href":"https:\/\/api.w.org\/{rel}","templated":true}]}}